{"id":3811,"date":"2023-04-09T21:49:27","date_gmt":"2023-04-09T19:49:27","guid":{"rendered":"http:\/\/monikagungl.com\/rolam\/"},"modified":"2023-09-04T14:40:32","modified_gmt":"2023-09-04T12:40:32","slug":"rolam","status":"publish","type":"page","link":"https:\/\/monikagungl.com\/hu\/rolam\/","title":{"rendered":"R\u00f3lam"},"content":{"rendered":"","protected":false},"excerpt":{"rendered":"","protected":false},"author":1,"featured_media":4951,"parent":0,"menu_order":0,"comment_status":"closed","ping_status":"closed","template":"","meta":{"_seopress_robots_primary_cat":"","_seopress_titles_title":"Gungl M\u00f3nika: Az \u00e9n filoz\u00f3fi\u00e1m \u00e9s k\u00fcldet\u00e9sem","_seopress_titles_desc":"\u00c9n Gungl M\u00f3nika vagyok, az Integr\u00e1lis \u00c9let Coachod. Ismerd meg a m\u00f3dszereimet \u00e9s a filoz\u00f3fi\u00e1mat.","_seopress_robots_index":"","footnotes":""},"class_list":["post-3811","page","type-page","status-publish","has-post-thumbnail","hentry"],"meta_box":[],"_links":{"self":[{"href":"https:\/\/monikagungl.com\/hu\/wp-json\/wp\/v2\/pages\/3811","targetHints":{"allow":["GET"]}}],"collection":[{"href":"https:\/\/monikagungl.com\/hu\/wp-json\/wp\/v2\/pages"}],"about":[{"href":"https:\/\/monikagungl.com\/hu\/wp-json\/wp\/v2\/types\/page"}],"author":[{"embeddable":true,"href":"https:\/\/monikagungl.com\/hu\/wp-json\/wp\/v2\/users\/1"}],"replies":[{"embeddable":true,"href":"https:\/\/monikagungl.com\/hu\/wp-json\/wp\/v2\/comments?post=3811"}],"version-history":[{"count":64,"href":"https:\/\/monikagungl.com\/hu\/wp-json\/wp\/v2\/pages\/3811\/revisions"}],"predecessor-version":[{"id":5000,"href":"https:\/\/monikagungl.com\/hu\/wp-json\/wp\/v2\/pages\/3811\/revisions\/5000"}],"wp:featuredmedia":[{"embeddable":true,"href":"https:\/\/monikagungl.com\/hu\/wp-json\/wp\/v2\/media\/4951"}],"wp:attachment":[{"href":"https:\/\/monikagungl.com\/hu\/wp-json\/wp\/v2\/media?parent=3811"}],"curies":[{"name":"wp","href":"https:\/\/api.w.org\/{rel}","templated":true}]}}