{"id":4057,"date":"2023-08-21T14:57:01","date_gmt":"2023-08-21T12:57:01","guid":{"rendered":"http:\/\/monikagungl.com\/blog\/"},"modified":"2025-02-14T10:55:43","modified_gmt":"2025-02-14T09:55:43","slug":"blog","status":"publish","type":"page","link":"https:\/\/monikagungl.com\/hu\/blog\/","title":{"rendered":"Blog"},"content":{"rendered":"","protected":false},"excerpt":{"rendered":"","protected":false},"author":1,"featured_media":3079,"parent":0,"menu_order":0,"comment_status":"closed","ping_status":"closed","template":"","meta":{"_seopress_robots_primary_cat":"","_seopress_titles_title":"Monika Gungl: Blog az \u00d6n Tudatos \u00c9let\u00e9hez","_seopress_titles_desc":"V\u00e1ltoz\u00e1st szeretn\u00e9l? Olvasd el a blogom gyakorlati \u00e9lettan\u00e1csok\u00e9rt.","_seopress_robots_index":"","footnotes":""},"class_list":["post-4057","page","type-page","status-publish","has-post-thumbnail","hentry"],"meta_box":[],"_links":{"self":[{"href":"https:\/\/monikagungl.com\/hu\/wp-json\/wp\/v2\/pages\/4057","targetHints":{"allow":["GET"]}}],"collection":[{"href":"https:\/\/monikagungl.com\/hu\/wp-json\/wp\/v2\/pages"}],"about":[{"href":"https:\/\/monikagungl.com\/hu\/wp-json\/wp\/v2\/types\/page"}],"author":[{"embeddable":true,"href":"https:\/\/monikagungl.com\/hu\/wp-json\/wp\/v2\/users\/1"}],"replies":[{"embeddable":true,"href":"https:\/\/monikagungl.com\/hu\/wp-json\/wp\/v2\/comments?post=4057"}],"version-history":[{"count":6,"href":"https:\/\/monikagungl.com\/hu\/wp-json\/wp\/v2\/pages\/4057\/revisions"}],"predecessor-version":[{"id":9030,"href":"https:\/\/monikagungl.com\/hu\/wp-json\/wp\/v2\/pages\/4057\/revisions\/9030"}],"wp:featuredmedia":[{"embeddable":true,"href":"https:\/\/monikagungl.com\/hu\/wp-json\/wp\/v2\/media\/3079"}],"wp:attachment":[{"href":"https:\/\/monikagungl.com\/hu\/wp-json\/wp\/v2\/media?parent=4057"}],"curies":[{"name":"wp","href":"https:\/\/api.w.org\/{rel}","templated":true}]}}