{"id":4074,"date":"2023-07-15T20:00:26","date_gmt":"2023-07-15T18:00:26","guid":{"rendered":"http:\/\/monikagungl.com\/nyers-vegan-receptek\/"},"modified":"2025-03-01T14:09:15","modified_gmt":"2025-03-01T13:09:15","slug":"nyers-vegan-receptek","status":"publish","type":"page","link":"https:\/\/monikagungl.com\/hu\/nyers-vegan-receptek\/","title":{"rendered":"Nyers veg\u00e1n receptek"},"content":{"rendered":"","protected":false},"excerpt":{"rendered":"","protected":false},"author":1,"featured_media":3112,"parent":0,"menu_order":0,"comment_status":"closed","ping_status":"closed","template":"","meta":{"_seopress_robots_primary_cat":"","_seopress_titles_title":"Eg\u00e9szs\u00e9ges & Nyers: Veg\u00e1n receptek Monik\u00e1t\u00f3l","_seopress_titles_desc":"Fedezd fel az \u00edzletes nyers veg\u00e1n receptjeimet egy eg\u00e9szs\u00e9ges \u00e9lethez.","_seopress_robots_index":"","footnotes":""},"class_list":["post-4074","page","type-page","status-publish","has-post-thumbnail","hentry"],"meta_box":[],"_links":{"self":[{"href":"https:\/\/monikagungl.com\/hu\/wp-json\/wp\/v2\/pages\/4074","targetHints":{"allow":["GET"]}}],"collection":[{"href":"https:\/\/monikagungl.com\/hu\/wp-json\/wp\/v2\/pages"}],"about":[{"href":"https:\/\/monikagungl.com\/hu\/wp-json\/wp\/v2\/types\/page"}],"author":[{"embeddable":true,"href":"https:\/\/monikagungl.com\/hu\/wp-json\/wp\/v2\/users\/1"}],"replies":[{"embeddable":true,"href":"https:\/\/monikagungl.com\/hu\/wp-json\/wp\/v2\/comments?post=4074"}],"version-history":[{"count":9,"href":"https:\/\/monikagungl.com\/hu\/wp-json\/wp\/v2\/pages\/4074\/revisions"}],"predecessor-version":[{"id":9130,"href":"https:\/\/monikagungl.com\/hu\/wp-json\/wp\/v2\/pages\/4074\/revisions\/9130"}],"wp:featuredmedia":[{"embeddable":true,"href":"https:\/\/monikagungl.com\/hu\/wp-json\/wp\/v2\/media\/3112"}],"wp:attachment":[{"href":"https:\/\/monikagungl.com\/hu\/wp-json\/wp\/v2\/media?parent=4074"}],"curies":[{"name":"wp","href":"https:\/\/api.w.org\/{rel}","templated":true}]}}