{"id":7249,"date":"2025-11-23T14:39:41","date_gmt":"2025-11-23T13:39:41","guid":{"rendered":"https:\/\/monikagungl.com\/online-ernaehrungscoaching\/"},"modified":"2025-12-07T20:11:44","modified_gmt":"2025-12-07T19:11:44","slug":"online-taplalkozas-coaching","status":"publish","type":"page","link":"https:\/\/monikagungl.com\/hu\/online-taplalkozas-coaching\/","title":{"rendered":"T\u00e1pl\u00e1lkoz\u00e1si tan\u00e1csad\u00e1s"},"content":{"rendered":"","protected":false},"excerpt":{"rendered":"","protected":false},"author":2,"featured_media":7110,"parent":0,"menu_order":0,"comment_status":"closed","ping_status":"closed","template":"","meta":{"_seopress_robots_primary_cat":"","_seopress_titles_title":"Online t\u00e1pl\u00e1lkoz\u00e1si tan\u00e1csad\u00e1s \u21d2 Sikeres \u00e9letm\u00f3dv\u00e1lt\u00e1s","_seopress_titles_desc":"Haszn\u00e1ld ki az online t\u00e1pl\u00e1lkoz\u00e1si tan\u00e1csad\u00e1s el\u0151nyeit \u21d2 Egy\u00e9ni \u00e9trendtervek \u2713 Rugalmas id\u0151beoszt\u00e1s \u2713 Hossz\u00fa t\u00e1v\u00fa sikerek \u21d2 Kezdd el m\u00e9g ma!","_seopress_robots_index":"","footnotes":""},"class_list":["post-7249","page","type-page","status-publish","has-post-thumbnail","hentry"],"meta_box":[],"_links":{"self":[{"href":"https:\/\/monikagungl.com\/hu\/wp-json\/wp\/v2\/pages\/7249","targetHints":{"allow":["GET"]}}],"collection":[{"href":"https:\/\/monikagungl.com\/hu\/wp-json\/wp\/v2\/pages"}],"about":[{"href":"https:\/\/monikagungl.com\/hu\/wp-json\/wp\/v2\/types\/page"}],"author":[{"embeddable":true,"href":"https:\/\/monikagungl.com\/hu\/wp-json\/wp\/v2\/users\/2"}],"replies":[{"embeddable":true,"href":"https:\/\/monikagungl.com\/hu\/wp-json\/wp\/v2\/comments?post=7249"}],"version-history":[{"count":31,"href":"https:\/\/monikagungl.com\/hu\/wp-json\/wp\/v2\/pages\/7249\/revisions"}],"predecessor-version":[{"id":9291,"href":"https:\/\/monikagungl.com\/hu\/wp-json\/wp\/v2\/pages\/7249\/revisions\/9291"}],"wp:featuredmedia":[{"embeddable":true,"href":"https:\/\/monikagungl.com\/hu\/wp-json\/wp\/v2\/media\/7110"}],"wp:attachment":[{"href":"https:\/\/monikagungl.com\/hu\/wp-json\/wp\/v2\/media?parent=7249"}],"curies":[{"name":"wp","href":"https:\/\/api.w.org\/{rel}","templated":true}]}}