{"id":7332,"date":"2024-06-06T19:06:21","date_gmt":"2024-06-06T17:06:21","guid":{"rendered":"https:\/\/monikagungl.com\/online-life-coaching\/"},"modified":"2024-06-22T14:22:26","modified_gmt":"2024-06-22T12:22:26","slug":"online-life-coaching","status":"publish","type":"page","link":"https:\/\/monikagungl.com\/hu\/online-life-coaching\/","title":{"rendered":"Online Life Coach"},"content":{"rendered":"","protected":false},"excerpt":{"rendered":"","protected":false},"author":2,"featured_media":7041,"parent":0,"menu_order":0,"comment_status":"closed","ping_status":"closed","template":"","meta":{"_seopress_robots_primary_cat":"","_seopress_titles_title":"Online Life Coaching \u21d2 Foglalj id\u0151pontot m\u00e9g ma!","_seopress_titles_desc":"\u00c9rd el c\u00e9ljaidat az online \u00e9letvezet\u00e9si coachinggal \u21d2 Szem\u00e9lyes fejl\u0151d\u00e9s \u2713 Motiv\u00e1ci\u00f3 \u00e9s t\u00e1mogat\u00e1s \u2713 Rugalmas \u00e9s k\u00e9nyelmes \u21d2 Kezd el most!","_seopress_robots_index":"","footnotes":""},"class_list":["post-7332","page","type-page","status-publish","has-post-thumbnail","hentry"],"meta_box":[],"_links":{"self":[{"href":"https:\/\/monikagungl.com\/hu\/wp-json\/wp\/v2\/pages\/7332","targetHints":{"allow":["GET"]}}],"collection":[{"href":"https:\/\/monikagungl.com\/hu\/wp-json\/wp\/v2\/pages"}],"about":[{"href":"https:\/\/monikagungl.com\/hu\/wp-json\/wp\/v2\/types\/page"}],"author":[{"embeddable":true,"href":"https:\/\/monikagungl.com\/hu\/wp-json\/wp\/v2\/users\/2"}],"replies":[{"embeddable":true,"href":"https:\/\/monikagungl.com\/hu\/wp-json\/wp\/v2\/comments?post=7332"}],"version-history":[{"count":3,"href":"https:\/\/monikagungl.com\/hu\/wp-json\/wp\/v2\/pages\/7332\/revisions"}],"predecessor-version":[{"id":7336,"href":"https:\/\/monikagungl.com\/hu\/wp-json\/wp\/v2\/pages\/7332\/revisions\/7336"}],"wp:featuredmedia":[{"embeddable":true,"href":"https:\/\/monikagungl.com\/hu\/wp-json\/wp\/v2\/media\/7041"}],"wp:attachment":[{"href":"https:\/\/monikagungl.com\/hu\/wp-json\/wp\/v2\/media?parent=7332"}],"curies":[{"name":"wp","href":"https:\/\/api.w.org\/{rel}","templated":true}]}}