{"id":7364,"date":"2024-05-03T18:03:10","date_gmt":"2024-05-03T16:03:10","guid":{"rendered":"https:\/\/monikagungl.com\/online-business-coaching\/"},"modified":"2024-06-22T17:39:55","modified_gmt":"2024-06-22T15:39:55","slug":"online-business-coaching","status":"publish","type":"page","link":"https:\/\/monikagungl.com\/hu\/online-business-coaching\/","title":{"rendered":"Online Business Coaching"},"content":{"rendered":"","protected":false},"excerpt":{"rendered":"","protected":false},"author":2,"featured_media":6722,"parent":0,"menu_order":0,"comment_status":"closed","ping_status":"closed","template":"","meta":{"_seopress_robots_primary_cat":"","_seopress_titles_title":"Online Business Coaching \u21d2 Ingyenes konzult\u00e1ci\u00f3!","_seopress_titles_desc":"Online Business Coaching \u21d2 Hat\u00e9kony \u00e9s szem\u00e9lyre szabott \u2713 N\u00f6veld teljes\u00edtm\u00e9nyedet \u21d2 Foglalj egy  k\u00f6telezetts\u00e9g n\u00e9lk\u00fcli besz\u00e9lget\u00e9st m\u00e9g ma!","_seopress_robots_index":"","footnotes":""},"class_list":["post-7364","page","type-page","status-publish","has-post-thumbnail","hentry"],"meta_box":[],"_links":{"self":[{"href":"https:\/\/monikagungl.com\/hu\/wp-json\/wp\/v2\/pages\/7364","targetHints":{"allow":["GET"]}}],"collection":[{"href":"https:\/\/monikagungl.com\/hu\/wp-json\/wp\/v2\/pages"}],"about":[{"href":"https:\/\/monikagungl.com\/hu\/wp-json\/wp\/v2\/types\/page"}],"author":[{"embeddable":true,"href":"https:\/\/monikagungl.com\/hu\/wp-json\/wp\/v2\/users\/2"}],"replies":[{"embeddable":true,"href":"https:\/\/monikagungl.com\/hu\/wp-json\/wp\/v2\/comments?post=7364"}],"version-history":[{"count":4,"href":"https:\/\/monikagungl.com\/hu\/wp-json\/wp\/v2\/pages\/7364\/revisions"}],"predecessor-version":[{"id":7379,"href":"https:\/\/monikagungl.com\/hu\/wp-json\/wp\/v2\/pages\/7364\/revisions\/7379"}],"wp:featuredmedia":[{"embeddable":true,"href":"https:\/\/monikagungl.com\/hu\/wp-json\/wp\/v2\/media\/6722"}],"wp:attachment":[{"href":"https:\/\/monikagungl.com\/hu\/wp-json\/wp\/v2\/media?parent=7364"}],"curies":[{"name":"wp","href":"https:\/\/api.w.org\/{rel}","templated":true}]}}