{"id":5974,"date":"2023-12-14T23:07:25","date_gmt":"2023-12-14T22:07:25","guid":{"rendered":"https:\/\/monikagungl.com\/?post_type=product&#038;p=5974"},"modified":"2026-04-16T14:21:33","modified_gmt":"2026-04-16T12:21:33","slug":"vitalitaets-boost-paket","status":"publish","type":"product","link":"https:\/\/monikagungl.com\/hu\/produkt\/vitalitaets-boost-paket\/","title":{"rendered":"Vitalit\u00e4ts-Boost Paket \u2013 Detox, Abnehmen &#038; pure Energie!"},"content":{"rendered":"<p>Steigere Deine Vitalit\u00e4t mit unserem Sonderangebot: Das Vitalit\u00e4ts-Boost Paket! Die <strong>Kombination der 10-t\u00e4gigen Smoothie-Challenge mit der 7-t\u00e4gigen Saftfasten-Challenge<\/strong> bildet eine umfassende Methode f\u00fcr ganzheitliche Erneuerung.<\/p>\n","protected":false},"excerpt":{"rendered":"<p>Dieses einzigartige Programm vereint eine <strong>10-t\u00e4gige Smoothie-Challenge\u00a0mit einer 7-t\u00e4gigen<\/strong> Saftfasten Challenge.<\/p>\n","protected":false},"featured_media":9037,"comment_status":"open","ping_status":"closed","template":"","meta":{"_seopress_robots_primary_cat":"none","_seopress_titles_title":"Vitalit\u00e4ts-Boost Paket \u2013 Detox, Abnehmen & pure Energie!","_seopress_titles_desc":"Doppelte Detox-Power: 7 Tage Saftfasten & 10 Tage Smoothiefasten \u2013 jetzt g\u00fcnstiger! Erlebe Tiefen-Entgiftung, sp\u00fcrbare Gesundheit & grenzenlose Energie!","_seopress_robots_index":""},"product_brand":[],"product_cat":[93],"product_tag":[],"class_list":{"0":"post-5974","1":"product","2":"type-product","3":"status-publish","4":"has-post-thumbnail","6":"product_cat-rohkost-abnehmprogramme","8":"first","9":"instock","10":"sale","11":"virtual","12":"sold-individually","13":"purchasable","14":"product-type-simple"},"meta_box":[],"_links":{"self":[{"href":"https:\/\/monikagungl.com\/hu\/wp-json\/wp\/v2\/product\/5974","targetHints":{"allow":["GET"]}}],"collection":[{"href":"https:\/\/monikagungl.com\/hu\/wp-json\/wp\/v2\/product"}],"about":[{"href":"https:\/\/monikagungl.com\/hu\/wp-json\/wp\/v2\/types\/product"}],"replies":[{"embeddable":true,"href":"https:\/\/monikagungl.com\/hu\/wp-json\/wp\/v2\/comments?post=5974"}],"wp:featuredmedia":[{"embeddable":true,"href":"https:\/\/monikagungl.com\/hu\/wp-json\/wp\/v2\/media\/9037"}],"wp:attachment":[{"href":"https:\/\/monikagungl.com\/hu\/wp-json\/wp\/v2\/media?parent=5974"}],"wp:term":[{"taxonomy":"product_brand","embeddable":true,"href":"https:\/\/monikagungl.com\/hu\/wp-json\/wp\/v2\/product_brand?post=5974"},{"taxonomy":"product_cat","embeddable":true,"href":"https:\/\/monikagungl.com\/hu\/wp-json\/wp\/v2\/product_cat?post=5974"},{"taxonomy":"product_tag","embeddable":true,"href":"https:\/\/monikagungl.com\/hu\/wp-json\/wp\/v2\/product_tag?post=5974"}],"curies":[{"name":"wp","href":"https:\/\/api.w.org\/{rel}","templated":true}]}}